{"id":4243,"date":"2025-07-10T09:36:50","date_gmt":"2025-07-10T09:36:50","guid":{"rendered":"https:\/\/bestreferralcodes.com\/?page_id=4243"},"modified":"2025-07-10T09:36:52","modified_gmt":"2025-07-10T09:36:52","slug":"terms-and-conditions","status":"publish","type":"page","link":"https:\/\/bestreferralcodes.com\/es\/terms-and-conditions\/","title":{"rendered":"Condiciones generales"},"content":{"rendered":"<p><strong>Fecha de entrada en vigor: 10 de julio de 2025<\/strong><\/p>\n\n\n\n<p>Bienvenido a <strong>BestReferralCodes.com<\/strong>. Al acceder o utilizar este sitio web, usted acepta cumplir y quedar vinculado por los siguientes T\u00e9rminos y Condiciones. Si no est\u00e1 de acuerdo con alguna parte de estas condiciones, le rogamos que no utilice nuestro sitio web.<\/p>\n\n\n\n<h3 class=\"wp-block-heading\">1. Uso del sitio web<\/h3>\n\n\n\n<p>Este sitio proporciona c\u00f3digos de referencia, ofertas promocionales y ofertas de descuento de sitios web y servicios de terceros. S\u00f3lo puede utilizar este sitio web con fines l\u00edcitos, personales y no comerciales. El uso no autorizado o indebido puede dar lugar a la cancelaci\u00f3n del acceso.<\/p>\n\n\n\n<h3 class=\"wp-block-heading\">2. Exactitud de la informaci\u00f3n<\/h3>\n\n\n\n<p>Aunque nos esforzamos por asegurar que el contenido de este sitio web sea actual y preciso, no garantizamos la fiabilidad, exactitud o disponibilidad de las ofertas y c\u00f3digos que aparecen en \u00e9l. Los comerciantes pueden modificar o retirar las ofertas en cualquier momento.<\/p>\n\n\n\n<h3 class=\"wp-block-heading\">3. Enlaces de terceros<\/h3>\n\n\n\n<p>Este sitio web contiene enlaces a sitios web de terceros. No somos responsables de los contenidos, servicios o pol\u00edticas de estos sitios externos. Util\u00edcelos seg\u00fan su propio criterio.<\/p>\n\n\n\n<h3 class=\"wp-block-heading\">4. Limitaci\u00f3n de responsabilidad<\/h3>\n\n\n\n<p>No nos hacemos responsables de las p\u00e9rdidas, da\u00f1os o inconvenientes derivados del uso o la confianza depositada en cualquier contenido u oferta presentados en este sitio web.<\/p>\n\n\n\n<h3 class=\"wp-block-heading\">5. 5. Modificaci\u00f3n de las condiciones<\/h3>\n\n\n\n<p>Nos reservamos el derecho a modificar estas Condiciones Generales en cualquier momento y sin previo aviso. El uso continuado del sitio web despu\u00e9s de dichos cambios constituye su aceptaci\u00f3n de los t\u00e9rminos actualizados.<\/p>","protected":false},"excerpt":{"rendered":"<p>Effective Date: July 10, 2025 Welcome to BestReferralCodes.com. By accessing or using this website, you agree to comply with and [&hellip;]<\/p>","protected":false},"author":1,"featured_media":0,"parent":0,"menu_order":0,"comment_status":"closed","ping_status":"closed","template":"","meta":{"site-sidebar-layout":"default","site-content-layout":"","ast-site-content-layout":"default","site-content-style":"default","site-sidebar-style":"default","ast-global-header-display":"","ast-banner-title-visibility":"","ast-main-header-display":"","ast-hfb-above-header-display":"","ast-hfb-below-header-display":"","ast-hfb-mobile-header-display":"","site-post-title":"","ast-breadcrumbs-content":"","ast-featured-img":"","footer-sml-layout":"","ast-disable-related-posts":"","theme-transparent-header-meta":"","adv-header-id-meta":"","stick-header-meta":"","header-above-stick-meta":"","header-main-stick-meta":"","header-below-stick-meta":"","astra-migrate-meta-layouts":"default","ast-page-background-enabled":"default","ast-page-background-meta":{"desktop":{"background-color":"var(--ast-global-color-4)","background-image":"","background-repeat":"repeat","background-position":"center center","background-size":"auto","background-attachment":"scroll","background-type":"","background-media":"","overlay-type":"","overlay-color":"","overlay-opacity":"","overlay-gradient":""},"tablet":{"background-color":"","background-image":"","background-repeat":"repeat","background-position":"center center","background-size":"auto","background-attachment":"scroll","background-type":"","background-media":"","overlay-type":"","overlay-color":"","overlay-opacity":"","overlay-gradient":""},"mobile":{"background-color":"","background-image":"","background-repeat":"repeat","background-position":"center center","background-size":"auto","background-attachment":"scroll","background-type":"","background-media":"","overlay-type":"","overlay-color":"","overlay-opacity":"","overlay-gradient":""}},"ast-content-background-meta":{"desktop":{"background-color":"var(--ast-global-color-5)","background-image":"","background-repeat":"repeat","background-position":"center center","background-size":"auto","background-attachment":"scroll","background-type":"","background-media":"","overlay-type":"","overlay-color":"","overlay-opacity":"","overlay-gradient":""},"tablet":{"background-color":"var(--ast-global-color-5)","background-image":"","background-repeat":"repeat","background-position":"center center","background-size":"auto","background-attachment":"scroll","background-type":"","background-media":"","overlay-type":"","overlay-color":"","overlay-opacity":"","overlay-gradient":""},"mobile":{"background-color":"var(--ast-global-color-5)","background-image":"","background-repeat":"repeat","background-position":"center center","background-size":"auto","background-attachment":"scroll","background-type":"","background-media":"","overlay-type":"","overlay-color":"","overlay-opacity":"","overlay-gradient":""}},"footnotes":""},"class_list":["post-4243","page","type-page","status-publish","hentry"],"_links":{"self":[{"href":"https:\/\/bestreferralcodes.com\/es\/wp-json\/wp\/v2\/pages\/4243","targetHints":{"allow":["GET"]}}],"collection":[{"href":"https:\/\/bestreferralcodes.com\/es\/wp-json\/wp\/v2\/pages"}],"about":[{"href":"https:\/\/bestreferralcodes.com\/es\/wp-json\/wp\/v2\/types\/page"}],"author":[{"embeddable":true,"href":"https:\/\/bestreferralcodes.com\/es\/wp-json\/wp\/v2\/users\/1"}],"replies":[{"embeddable":true,"href":"https:\/\/bestreferralcodes.com\/es\/wp-json\/wp\/v2\/comments?post=4243"}],"version-history":[{"count":1,"href":"https:\/\/bestreferralcodes.com\/es\/wp-json\/wp\/v2\/pages\/4243\/revisions"}],"predecessor-version":[{"id":4244,"href":"https:\/\/bestreferralcodes.com\/es\/wp-json\/wp\/v2\/pages\/4243\/revisions\/4244"}],"wp:attachment":[{"href":"https:\/\/bestreferralcodes.com\/es\/wp-json\/wp\/v2\/media?parent=4243"}],"curies":[{"name":"wp","href":"https:\/\/api.w.org\/{rel}","templated":true}]}}