{"id":1835,"date":"2025-02-05T07:46:04","date_gmt":"2025-02-05T07:46:04","guid":{"rendered":"https:\/\/bestreferralcodes.com\/?page_id=1835"},"modified":"2025-02-13T07:45:48","modified_gmt":"2025-02-13T07:45:48","slug":"about-us","status":"publish","type":"page","link":"https:\/\/bestreferralcodes.com\/de\/about-us\/","title":{"rendered":"\u00dcber uns"},"content":{"rendered":"<div data-elementor-type=\"wp-page\" data-elementor-id=\"1835\" class=\"elementor elementor-1835\" data-elementor-post-type=\"page\">\n\t\t\t\t<div class=\"elementor-element elementor-element-5d05e35d e-flex e-con-boxed e-con e-parent\" data-id=\"5d05e35d\" data-element_type=\"container\" data-e-type=\"container\">\n\t\t\t\t\t<div class=\"e-con-inner\">\n\t\t<div class=\"elementor-element elementor-element-5c9fb288 e-con-full e-flex e-con e-child\" data-id=\"5c9fb288\" data-element_type=\"container\" data-e-type=\"container\">\n\t\t\t\t<div class=\"elementor-element elementor-element-5795aa48 elementor-widget elementor-widget-heading\" data-id=\"5795aa48\" data-element_type=\"widget\" data-e-type=\"widget\" data-widget_type=\"heading.default\">\n\t\t\t\t<div class=\"elementor-widget-container\">\n\t\t\t\t\t<h2 class=\"elementor-heading-title elementor-size-default\">Willkommen bei BestReferralcodes<\/h2>\t\t\t\t<\/div>\n\t\t\t\t<\/div>\n\t\t\t\t<div class=\"elementor-element elementor-element-672c4b69 elementor-widget elementor-widget-text-editor\" data-id=\"672c4b69\" data-element_type=\"widget\" data-e-type=\"widget\" data-widget_type=\"text-editor.default\">\n\t\t\t\t<div class=\"elementor-widget-container\">\n\t\t\t\t\t\t\t\t\t<p><strong>Das ultimative Ziel f\u00fcr die Suche nach den besten Empfehlungscodes und exklusiven Angeboten in Vadodara! \ud83d\udcb0\ud83d\ude80 Egal, ob Sie auf der Suche nach Rabatten f\u00fcr Mieten, Abonnements, Einkaufen oder Dienstleistungen sind, wir bieten eine umfangreiche Palette von verifizierten Empfehlungscodes, die Ihnen helfen, mehr bei jedem Kauf zu sparen. Beginnen Sie jetzt mit der Erkundung und schalten Sie erstaunliche Belohnungen frei!<\/strong><\/p>\t\t\t\t\t\t\t\t<\/div>\n\t\t\t\t<\/div>\n\t\t\t\t<\/div>\n\t\t\t\t\t<\/div>\n\t\t\t\t<\/div>\n\t\t<div class=\"elementor-element elementor-element-ffad7cd e-flex e-con-boxed e-con e-parent\" data-id=\"ffad7cd\" data-element_type=\"container\" data-e-type=\"container\">\n\t\t\t\t\t<div class=\"e-con-inner\">\n\t\t<div class=\"elementor-element elementor-element-35520c2d e-con-full e-flex e-con e-child\" data-id=\"35520c2d\" data-element_type=\"container\" data-e-type=\"container\">\n\t\t<div class=\"elementor-element elementor-element-1f270bbd e-con-full e-flex e-con e-child\" data-id=\"1f270bbd\" data-element_type=\"container\" data-e-type=\"container\">\n\t\t\t\t<div class=\"elementor-element elementor-element-4489ef99 elementor-widget elementor-widget-image\" data-id=\"4489ef99\" data-element_type=\"widget\" data-e-type=\"widget\" data-widget_type=\"image.default\">\n\t\t\t\t<div class=\"elementor-widget-container\">\n\t\t\t\t\t\t\t\t\t\t\t\t\t\t\t<img fetchpriority=\"high\" decoding=\"async\" width=\"612\" height=\"612\" src=\"https:\/\/bestreferralcodes.com\/wp-content\/uploads\/2025\/02\/istockphoto-1389001667-612x612-1.jpg\" class=\"attachment-large size-large wp-image-1867\" alt=\"\" srcset=\"https:\/\/bestreferralcodes.com\/wp-content\/uploads\/2025\/02\/istockphoto-1389001667-612x612-1.jpg 612w, https:\/\/bestreferralcodes.com\/wp-content\/uploads\/2025\/02\/istockphoto-1389001667-612x612-1-300x300.jpg 300w, https:\/\/bestreferralcodes.com\/wp-content\/uploads\/2025\/02\/istockphoto-1389001667-612x612-1-100x100.jpg 100w, https:\/\/bestreferralcodes.com\/wp-content\/uploads\/2025\/02\/istockphoto-1389001667-612x612-1-600x600.jpg 600w, https:\/\/bestreferralcodes.com\/wp-content\/uploads\/2025\/02\/istockphoto-1389001667-612x612-1-150x150.jpg 150w\" sizes=\"(max-width: 612px) 100vw, 612px\" \/>\t\t\t\t\t\t\t\t\t\t\t\t\t\t\t<\/div>\n\t\t\t\t<\/div>\n\t\t\t\t<\/div>\n\t\t\t\t<\/div>\n\t\t<div class=\"elementor-element elementor-element-4b71724d e-con-full e-flex e-con e-child\" data-id=\"4b71724d\" data-element_type=\"container\" data-e-type=\"container\">\n\t\t<div class=\"elementor-element elementor-element-b5b4d7 e-con-full e-flex e-con e-child\" data-id=\"b5b4d7\" data-element_type=\"container\" data-e-type=\"container\">\n\t\t\t\t<div class=\"elementor-element elementor-element-3d726fcd elementor-widget elementor-widget-heading\" data-id=\"3d726fcd\" data-element_type=\"widget\" data-e-type=\"widget\" data-widget_type=\"heading.default\">\n\t\t\t\t<div class=\"elementor-widget-container\">\n\t\t\t\t\t<h2 class=\"elementor-heading-title elementor-size-default\">Unsere Geschichte<\/h2>\t\t\t\t<\/div>\n\t\t\t\t<\/div>\n\t\t\t\t<div class=\"elementor-element elementor-element-18298dff elementor-widget elementor-widget-text-editor\" data-id=\"18298dff\" data-element_type=\"widget\" data-e-type=\"widget\" data-widget_type=\"text-editor.default\">\n\t\t\t\t<div class=\"elementor-widget-container\">\n\t\t\t\t\t\t\t\t\t<p><strong>Die Reise von BestReferralCode.com<\/strong> ist gepr\u00e4gt von Leidenschaft, Innovation und dem Engagement, Ihnen zu helfen, mehr zu sparen. Unser Gr\u00fcnder, Aamir Patel, war in einer hoch bezahlten Position in der IT-Branche erfolgreich. Trotz einer erfolgreichen Karriere hatte Aamir den tiefen Wunsch, eine Plattform zu schaffen, die <strong>Empfehlungscodes und exklusive Angebote<\/strong> leicht zug\u00e4nglich f\u00fcr alle.<\/p><p>Angetrieben von dieser Vision wagte Aamir den Schritt, die Stabilit\u00e4t der IT-Welt zu verlassen, um die <strong>BestReferralCode.com<\/strong>eine Plattform, die verifizierte und zuverl\u00e4ssige <strong>\u00dcberweisungscodes<\/strong> von Top-Marken direkt zu Ihnen und erm\u00f6glichen Ihnen so Einsparungen bei einer breiten Palette von Dienstleistungen und Produkten.<\/p><p>Mit dem Wachstum der Plattform wuchs auch unser Verst\u00e4ndnis f\u00fcr die Bed\u00fcrfnisse unserer Nutzer. Um unserer Community einen besseren Service zu bieten und das wachsende Angebot widerzuspiegeln, haben wir die Plattform kontinuierlich verbessert und umbenannt, um unser Publikum besser anzusprechen. Heute, <strong>BestReferralCode.com<\/strong> ist ein Beweis f\u00fcr Aamirs Engagement, die besten Empfehlungscodes und Angebote f\u00fcr jedermann zug\u00e4nglich zu machen und den Menschen zu helfen, bei Eink\u00e4ufen, Abonnements, Reisen und vielem mehr zu sparen.<\/p>\t\t\t\t\t\t\t\t<\/div>\n\t\t\t\t<\/div>\n\t\t\t\t<\/div>\n\t\t\t\t<\/div>\n\t\t\t\t\t<\/div>\n\t\t\t\t<\/div>\n\t\t<div class=\"elementor-element elementor-element-1f97090c e-flex e-con-boxed e-con e-parent\" data-id=\"1f97090c\" data-element_type=\"container\" data-e-type=\"container\">\n\t\t\t\t\t<div class=\"e-con-inner\">\n\t\t\t\t<div class=\"elementor-element elementor-element-2fb9106a elementor-widget elementor-widget-heading\" data-id=\"2fb9106a\" data-element_type=\"widget\" data-e-type=\"widget\" data-widget_type=\"heading.default\">\n\t\t\t\t<div class=\"elementor-widget-container\">\n\t\t\t\t\t<h2 class=\"elementor-heading-title elementor-size-default\">Die neuesten Trends bei Referral Codes &amp; Deals<\/h2>\t\t\t\t<\/div>\n\t\t\t\t<\/div>\n\t\t\t\t<div class=\"elementor-element elementor-element-62617da8 elementor-widget elementor-widget-text-editor\" data-id=\"62617da8\" data-element_type=\"widget\" data-e-type=\"widget\" data-widget_type=\"text-editor.default\">\n\t\t\t\t<div class=\"elementor-widget-container\">\n\t\t\t\t\t\t\t\t\t<p>Entdecken Sie die Tools, die Top-Shopper und Content Creators verwenden, um exklusive Angebote zu erhalten<\/p>\t\t\t\t\t\t\t\t<\/div>\n\t\t\t\t<\/div>\n\t\t\t\t<div class=\"elementor-element elementor-element-5982397b elementor-align-center elementor-widget elementor-widget-button\" data-id=\"5982397b\" data-element_type=\"widget\" data-e-type=\"widget\" data-widget_type=\"button.default\">\n\t\t\t\t<div class=\"elementor-widget-container\">\n\t\t\t\t\t\t\t\t\t<div class=\"elementor-button-wrapper\">\n\t\t\t\t\t<a class=\"elementor-button elementor-button-link elementor-size-sm\" href=\"#\">\n\t\t\t\t\t\t<span class=\"elementor-button-content-wrapper\">\n\t\t\t\t\t\t\t\t\t<span class=\"elementor-button-text\">Werden Sie Mitglied unserer Whatsaap-Gemeinschaft<\/span>\n\t\t\t\t\t<\/span>\n\t\t\t\t\t<\/a>\n\t\t\t\t<\/div>\n\t\t\t\t\t\t\t\t<\/div>\n\t\t\t\t<\/div>\n\t\t\t\t\t<\/div>\n\t\t\t\t<\/div>\n\t\t\t\t<\/div>","protected":false},"excerpt":{"rendered":"<p>Welcome to BestReferralcodes The ultimate destination for finding the best referral codes and exclusive deals in Vadodara! \ud83d\udcb0\ud83d\ude80 Whether you&#8217;re [&hellip;]<\/p>","protected":false},"author":1,"featured_media":0,"parent":0,"menu_order":0,"comment_status":"closed","ping_status":"closed","template":"","meta":{"site-sidebar-layout":"no-sidebar","site-content-layout":"","ast-site-content-layout":"full-width-container","site-content-style":"default","site-sidebar-style":"default","ast-global-header-display":"","ast-banner-title-visibility":"","ast-main-header-display":"","ast-hfb-above-header-display":"","ast-hfb-below-header-display":"","ast-hfb-mobile-header-display":"","site-post-title":"disabled","ast-breadcrumbs-content":"","ast-featured-img":"disabled","footer-sml-layout":"","ast-disable-related-posts":"","theme-transparent-header-meta":"","adv-header-id-meta":"","stick-header-meta":"","header-above-stick-meta":"","header-main-stick-meta":"","header-below-stick-meta":"","astra-migrate-meta-layouts":"default","ast-page-background-enabled":"default","ast-page-background-meta":{"desktop":{"background-color":"var(--ast-global-color-4)","background-image":"","background-repeat":"repeat","background-position":"center center","background-size":"auto","background-attachment":"scroll","background-type":"","background-media":"","overlay-type":"","overlay-color":"","overlay-opacity":"","overlay-gradient":""},"tablet":{"background-color":"","background-image":"","background-repeat":"repeat","background-position":"center center","background-size":"auto","background-attachment":"scroll","background-type":"","background-media":"","overlay-type":"","overlay-color":"","overlay-opacity":"","overlay-gradient":""},"mobile":{"background-color":"","background-image":"","background-repeat":"repeat","background-position":"center center","background-size":"auto","background-attachment":"scroll","background-type":"","background-media":"","overlay-type":"","overlay-color":"","overlay-opacity":"","overlay-gradient":""}},"ast-content-background-meta":{"desktop":{"background-color":"var(--ast-global-color-5)","background-image":"","background-repeat":"repeat","background-position":"center center","background-size":"auto","background-attachment":"scroll","background-type":"","background-media":"","overlay-type":"","overlay-color":"","overlay-opacity":"","overlay-gradient":""},"tablet":{"background-color":"var(--ast-global-color-5)","background-image":"","background-repeat":"repeat","background-position":"center center","background-size":"auto","background-attachment":"scroll","background-type":"","background-media":"","overlay-type":"","overlay-color":"","overlay-opacity":"","overlay-gradient":""},"mobile":{"background-color":"var(--ast-global-color-5)","background-image":"","background-repeat":"repeat","background-position":"center center","background-size":"auto","background-attachment":"scroll","background-type":"","background-media":"","overlay-type":"","overlay-color":"","overlay-opacity":"","overlay-gradient":""}},"footnotes":""},"class_list":["post-1835","page","type-page","status-publish","hentry"],"_links":{"self":[{"href":"https:\/\/bestreferralcodes.com\/de\/wp-json\/wp\/v2\/pages\/1835","targetHints":{"allow":["GET"]}}],"collection":[{"href":"https:\/\/bestreferralcodes.com\/de\/wp-json\/wp\/v2\/pages"}],"about":[{"href":"https:\/\/bestreferralcodes.com\/de\/wp-json\/wp\/v2\/types\/page"}],"author":[{"embeddable":true,"href":"https:\/\/bestreferralcodes.com\/de\/wp-json\/wp\/v2\/users\/1"}],"replies":[{"embeddable":true,"href":"https:\/\/bestreferralcodes.com\/de\/wp-json\/wp\/v2\/comments?post=1835"}],"version-history":[{"count":7,"href":"https:\/\/bestreferralcodes.com\/de\/wp-json\/wp\/v2\/pages\/1835\/revisions"}],"predecessor-version":[{"id":2041,"href":"https:\/\/bestreferralcodes.com\/de\/wp-json\/wp\/v2\/pages\/1835\/revisions\/2041"}],"wp:attachment":[{"href":"https:\/\/bestreferralcodes.com\/de\/wp-json\/wp\/v2\/media?parent=1835"}],"curies":[{"name":"wp","href":"https:\/\/api.w.org\/{rel}","templated":true}]}}